{"id":1275,"date":"2022-04-26T21:20:14","date_gmt":"2022-04-26T19:20:14","guid":{"rendered":"https:\/\/www.johaninekolace.sk\/?page_id=1275"},"modified":"2022-04-26T21:31:34","modified_gmt":"2022-04-26T19:31:34","slug":"zlozenie-pouzitych-surovin","status":"publish","type":"page","link":"https:\/\/www.johaninekolace.sk\/?page_id=1275","title":{"rendered":"Zlo\u017eenie pou\u017eit\u00fdch surov\u00edn"},"content":{"rendered":"\t\t<div data-elementor-type=\"wp-page\" data-elementor-id=\"1275\" class=\"elementor elementor-1275\">\n\t\t\t\t\t\t\t\t\t<section class=\"elementor-section elementor-top-section elementor-element elementor-element-2ed8cc7 elementor-section-boxed elementor-section-height-default elementor-section-height-default\" data-id=\"2ed8cc7\" data-element_type=\"section\">\n\t\t\t\t\t\t<div class=\"elementor-container elementor-column-gap-default\">\n\t\t\t\t\t<div class=\"elementor-column elementor-col-100 elementor-top-column elementor-element elementor-element-0522a23\" data-id=\"0522a23\" data-element_type=\"column\">\n\t\t\t<div class=\"elementor-widget-wrap elementor-element-populated\">\n\t\t\t\t\t\t\t\t<div class=\"elementor-element elementor-element-b5ed833 elementor-widget elementor-widget-heading\" data-id=\"b5ed833\" data-element_type=\"widget\" data-widget_type=\"heading.default\">\n\t\t\t\t<div class=\"elementor-widget-container\">\n\t\t\t<style>\/*! elementor - v3.6.5 - 27-04-2022 *\/\n.elementor-heading-title{padding:0;margin:0;line-height:1}.elementor-widget-heading .elementor-heading-title[class*=elementor-size-]>a{color:inherit;font-size:inherit;line-height:inherit}.elementor-widget-heading .elementor-heading-title.elementor-size-small{font-size:15px}.elementor-widget-heading .elementor-heading-title.elementor-size-medium{font-size:19px}.elementor-widget-heading .elementor-heading-title.elementor-size-large{font-size:29px}.elementor-widget-heading .elementor-heading-title.elementor-size-xl{font-size:39px}.elementor-widget-heading .elementor-heading-title.elementor-size-xxl{font-size:59px}<\/style><h2 class=\"elementor-heading-title elementor-size-default\">Zlo\u017eenie pou\u017eit\u00fdch surov\u00edn<\/h2>\t\t<\/div>\n\t\t\t\t<\/div>\n\t\t\t\t\t<\/div>\n\t\t<\/div>\n\t\t\t\t\t\t\t<\/div>\n\t\t<\/section>\n\t\t\t\t<section class=\"elementor-section elementor-top-section elementor-element elementor-element-e294623 elementor-section-boxed elementor-section-height-default elementor-section-height-default\" data-id=\"e294623\" data-element_type=\"section\">\n\t\t\t\t\t\t<div class=\"elementor-container elementor-column-gap-default\">\n\t\t\t\t\t<div class=\"elementor-column elementor-col-100 elementor-top-column elementor-element elementor-element-2293971\" data-id=\"2293971\" data-element_type=\"column\">\n\t\t\t<div class=\"elementor-widget-wrap elementor-element-populated\">\n\t\t\t\t\t\t\t\t<div class=\"elementor-element elementor-element-4b9e911 elementor-widget elementor-widget-text-editor\" data-id=\"4b9e911\" data-element_type=\"widget\" data-widget_type=\"text-editor.default\">\n\t\t\t\t<div class=\"elementor-widget-container\">\n\t\t\t<style>\/*! elementor - v3.6.5 - 27-04-2022 *\/\n.elementor-widget-text-editor.elementor-drop-cap-view-stacked .elementor-drop-cap{background-color:#818a91;color:#fff}.elementor-widget-text-editor.elementor-drop-cap-view-framed .elementor-drop-cap{color:#818a91;border:3px solid;background-color:transparent}.elementor-widget-text-editor:not(.elementor-drop-cap-view-default) .elementor-drop-cap{margin-top:8px}.elementor-widget-text-editor:not(.elementor-drop-cap-view-default) .elementor-drop-cap-letter{width:1em;height:1em}.elementor-widget-text-editor .elementor-drop-cap{float:left;text-align:center;line-height:1;font-size:50px}.elementor-widget-text-editor .elementor-drop-cap-letter{display:inline-block}<\/style>\t\t\t\t<h3>Mascarpone<\/h3><ul><li>Smotana (mlieko),\u00a0Mlieko, Regul\u00e1tor kyslosti (kyselina citr\u00f3nov\u00e1)<\/li><\/ul><h3>Smotanov\u00e1 n\u00e1tierka<\/h3><ul><li>Smotana, Su\u0161en\u00e9 mlieko, Su\u0161en\u00e1 srv\u00e1tka, Zemiakov\u00fd \u0161krob, Jedl\u00e1 so\u013e 0,5% hm.<\/li><\/ul><h3>Maslov\u00e9 su\u0161ienky<\/h3><ul><li>M\u00faka\u00a0p\u0161eni\u010dn\u00e1\u00a056%, Cukor,\u00a0Maslo\u00a010%, Tuk rastlinn\u00fd palmov\u00fd a maslovn\u00edkov\u00fd,\u00a0Ja\u010dmenn\u00fd\u00a0sladov\u00fd sirup,\u00a0Mlieko\u00a0su\u0161en\u00e9 odtu\u010dnen\u00e9, \u0160krob kukuri\u010dn\u00fd, Kypriaca l\u00e1tka (uhli\u010ditany am\u00f3nne a sodn\u00e9), Zmes\u00a0vaje\u010dn\u00e1\u00a0su\u0161en\u00e1, Ar\u00f3my, So\u013e, Emulg\u00e1tor (lecit\u00edny)<\/li><\/ul><h3>Oreo su\u0161ienky s vanilkovou n\u00e1pl\u0148ou<\/h3><ul><li>P\u0161eni\u010dn\u00e1\u00a0m\u00faka, Cukor, Palmov\u00fd tuk, Repkov\u00fd olej, Kakaov\u00fd pr\u00e1\u0161ok so zn\u00ed\u017een\u00fdm mno\u017estvom tuku 4,5 %,\u00a0P\u0161eni\u010dn\u00fd\u00a0\u0161krob, Gluk\u00f3zo-frukt\u00f3zov\u00fd sirup, Kypriace l\u00e1tky (uhli\u010ditany draseln\u00e9, uhli\u010ditany am\u00f3nne, uhli\u010ditany sodn\u00e9), Jedl\u00e1 so\u013e, Emulg\u00e1tory (s\u00f3jov\u00fd\u00a0lecit\u00edn, slne\u010dnicov\u00fd lecit\u00edn), Ar\u00f3ma<\/li><\/ul><h3>Rafaelo<\/h3><ul><li>Su\u0161en\u00fd kokos (25,5 %), Rastlinn\u00e9 tuky (palmov\u00fd, olej zo semien maslovn\u00edka), Cukor,\u00a0Mandle\u00a0(8%), Su\u0161en\u00e9 odtu\u010dnen\u00e9\u00a0mlieko, Su\u0161en\u00e1\u00a0srv\u00e1tka,\u00a0P\u0161eni\u010dn\u00e1\u00a0m\u00faka, Maniokov\u00fd \u0161krob, Emulg\u00e1tor: lecit\u00edny (s\u00f3jov\u00e9), Ar\u00f3my, Kypriaca l\u00e1tka (E 500ii), Jedl\u00e1 so\u013e<\/li><\/ul><h3>Ferrero rocher<\/h3><ul><li>Mlie\u010dna\u00a0\u010dokol\u00e1da 30 % (cukor, kakaov\u00e9 maslo, kakaov\u00e1 hmota, su\u0161en\u00e9 odtu\u010dnen\u00e9\u00a0mlieko,\u00a0maslov\u00fd\u00a0tuk, emulg\u00e1tor: lecit\u00edny (s\u00f3jov\u00e9); vanil\u00edn),\u00a0Lieskovce\u00a0(28,5 %), Cukor, Palmov\u00fd olej,\u00a0P\u0161eni\u010dn\u00e1\u00a0m\u00faka, Su\u0161en\u00e1\u00a0srv\u00e1tka, Kakaov\u00fd pr\u00e1\u0161ok so zn\u00ed\u017een\u00fdm mno\u017estvom tuku, Emulg\u00e1tor: lecit\u00edny (s\u00f3jov\u00e9), Kypriaca l\u00e1tka (E 500ii), Jedl\u00e1 so\u013e, Vanil\u00edn<\/li><\/ul><h3>Bounty<\/h3><ul><li>Cukor, Su\u0161en\u00fd kokos, Gluk\u00f3zov\u00fd sirup, Kakaov\u00e9 maslo, Kakaov\u00e1 hmota, Su\u0161en\u00e9 odtu\u010dnen\u00e9\u00a0mlieko, Emulg\u00e1tory (s\u00f3jov\u00fd\u00a0lecit\u00edn, E471),\u00a0Lakt\u00f3za,\u00a0Mlie\u010dny\u00a0tuk, Su\u0161en\u00e1 srv\u00e1tka (z\u00a0mlieka), Zvlh\u010duj\u00faca l\u00e1tka (glycerol), Jedl\u00e1 so\u013e, Pr\u00edrodn\u00e1 vanilkov\u00e1 ar\u00f3ma<\/li><\/ul><h3>Kinder schoko bons<\/h3><ul><li>Mlie\u010dna\u00a0\u010dokol\u00e1da 50% (cukor, su\u0161en\u00e9 plnotu\u010dn\u00e9\u00a0mlieko, kakaov\u00e9 maslo, kakaov\u00e1 hmota, emulg\u00e1tor: lecit\u00edny (s\u00f3jov\u00e9), ar\u00f3ma), Cukor, Su\u0161en\u00e9 odtu\u010dnen\u00e9\u00a0mlieko, Palmov\u00fd olej,\u00a0Lieskovce\u00a0(5,8 %),\u00a0Maslov\u00fd\u00a0tuk, \u010cokol\u00e1da (cukor, kakaov\u00e1 hmota, kakaov\u00e9 maslo, emulg\u00e1tor: lecit\u00edny (s\u00f3jov\u00e9), ar\u00f3ma), Le\u0161tiace l\u00e1tky: (arabsk\u00e1 guma, \u0161elak), Gluk\u00f3zov\u00fd sirup, Emulg\u00e1tor: lecit\u00edny (s\u00f3jov\u00e9), Ar\u00f3my<\/li><\/ul><h3>Mlie\u010dna milka<\/h3><ul><li>Cukor, Kakaov\u00e9 maslo, Su\u0161en\u00e9 odtu\u010dnen\u00e9\u00a0mlieko, Kakaov\u00e1 hmota, Su\u0161en\u00e1 srv\u00e1tka (mlieko),\u00a0Mlie\u010dny\u00a0tuk, Emulg\u00e1tor (s\u00f3jov\u00fd\u00a0lecit\u00edn),\u00a0Lieskovoorie\u0161kov\u00e1\u00a0pasta, Pr\u00edrodn\u00e1 ar\u00f3ma<\/li><\/ul><h3>Biela milka<\/h3><ul><li>Cukor, Kakaov\u00e9 maslo, Su\u0161en\u00e9 odtu\u010dnen\u00e9\u00a0mlieko, Su\u0161en\u00e1 srv\u00e1tka (mlieko),\u00a0Mlie\u010dny\u00a0tuk, Emulg\u00e1tor (s\u00f3jov\u00fd\u00a0lecit\u00edn), Pr\u00edrodn\u00e1 ar\u00f3ma<\/li><\/ul><h3>Lotus karamelov\u00e9 su\u0161ienky<\/h3><ul><li>P\u0161eni\u010dn\u00e1\u00a0m\u00faka, Cukor, Rastlinn\u00e9 oleje (palmov\u00fd*, repkov\u00fd), Kandis sirup, Kypriaca l\u00e1tka (hydrog\u00e9nuhli\u010ditan sodn\u00fd),\u00a0S\u00f3jov\u00e1\u00a0m\u00faka, Jedl\u00e1 so\u013e, \u0160korica, Emulg\u00e1tor (s\u00f3jov\u00e9\u00a0lecit\u00edny),<\/li><\/ul><h3>Puding jahoda,vanilka,karamel<\/h3><ul><li>Kukuri\u010dn\u00fd \u0161krob, Ar\u00f3ma, Farbiv\u00e1 (karot\u00e9ny, riboflav\u00edny)<\/li><\/ul><h3>Puding \u010dokol\u00e1da<\/h3><ul><li>Kukuri\u010dn\u00fd \u0161krob, Kakaov\u00fd pr\u00e1\u0161ok so zn\u00ed\u017een\u00fdm mno\u017estvom tuku 17 %, Ar\u00f3ma<\/li><\/ul><h3>Salko kondenzovan\u00e9 mlieko<\/h3><ul><li>Pasterizovan\u00e9\u00a0mlieko, Cukor,<\/li><\/ul><h3>\u017del\u00e9 \u010derven\u00e9 v pr\u00e1\u0161ku<\/h3><ul><li>Cukor, \u017del\u00edruj\u00faca l\u00e1tka (agar), Farbiv\u00e1 (karm\u00edn, beta-karot\u00e9n)<\/li><\/ul><h3>Vanil\u00ednov\u00fd cukor<\/h3><ul><li>Cukor, Ar\u00f3ma<\/li><\/ul><h3>Hork\u00e1 \u010dokol\u00e1da<\/h3><ul><li>Cukor, kakaov\u00e1 hmota, kakaov\u00e9 maslo, emulg\u00e1tor: slne\u010dnicov\u00fd lecit\u00edn, pr\u00edrodn\u00e1 vanilkov\u00e1 ar\u00f3ma<\/li><\/ul><h3>Hork\u00e1 \u010dokol\u00e1da 70%<\/h3><ul><li>Cukor, 70% kakaov\u00e1 hmota, kakaov\u00e9 maslo, kakaov\u00fd pr\u00e1\u0161ok so zn\u00ed\u017een\u00fdm obsahom tuku, emulg\u00e1tor: slne\u010dnicov\u00fd lecit\u00edn, pr\u00edrodn\u00e1 vanilkov\u00e1 ar\u00f3ma<\/li><\/ul><h3>Biela \u010doko<\/h3><ul><li>Cukor, Kakaov\u00e9 maslo, 18% Su\u0161en\u00e9 plnotu\u010dnen\u00e9\u00a0mlieko, 6% Su\u0161en\u00e1 smotana, su\u0161en\u00e1 sladk\u00e1 srv\u00e1tka (mlieko),\u00a0lakt\u00f3za, Emulg\u00e1tor (slne\u010dnicov\u00fd lecit\u00edn), Pr\u00edrodn\u00e1 vanilkov\u00e1 ar\u00f3ma<\/li><\/ul><h3>Biela \u010doko- nobel bianco<\/h3><ul><li>cukor, rastlinn\u00fd tuk(palmov\u00fdch jadier, kokos),su\u0161en\u00e9 odtu\u010dnen\u00e9 mlieko, emulg\u00e1tor: s\u00f3jov\u00fd lecit\u00edn, ar\u00f3ma<\/li><\/ul><h3>Metaxa 5*<\/h3><ul><li>Lieh, V\u00edno, V\u00ednny destil\u00e1t, Bylinn\u00e9 a rastlinn\u00e9 extrakty, Farbivo: karamel<\/li><\/ul><h3>Baileys lik\u00e9r<\/h3><ul><li>\u00edrska whisky, vanilka, kakao, farbivo (E150b), emulg\u00e1tor (E471),regul\u00e1tor kyslosti (331),\u00a0smotana<\/li><\/ul><h3>Vaje\u010dn\u00fd lik\u00e9r<\/h3><ul><li>Voda, Zahusten\u00e9\u00a0mlieko\u00a0sladen\u00e9 (mlieko, cukor), Lieh, Cukor, Ar\u00f3my, Stabiliz\u00e1tor: xant\u00e1nov\u00e1 guma, Farbiv\u00e1: E 104, E 110<\/li><\/ul><h3>Malibu lik\u00e9r<\/h3><ul><li>Voda, Karibsk\u00fd rum, Cukor, Kokosov\u00e1 ar\u00f3ma<\/li><\/ul><h3>Absolut vodka limetka<\/h3><ul><li>Voda, Lieh, Pr\u00edrodn\u00e1 limetkov\u00e1 ar\u00f3ma<\/li><\/ul><h3>Absolut vodka limetka<\/h3><ul><li>Lieh, Cukor, Aromatick\u00e9 pr\u00edpravky, Farbivo: kul\u00e9r<\/li><\/ul><h3>Farbivo modr\u00e9<\/h3><ul><li>\u00a0glycer\u00edn, oxid kremi\u010dit\u00fd, propyl\u00e9nglykol, farbivo: E133, E104<\/li><\/ul><h3>Farbivo modr\u00e9<\/h3><ul><li>glycer\u00edn, oxid kremi\u010dit\u00fd, propyl\u00e9nglykol, farbivo: E12<\/li><\/ul><h3>Farbivo \u017elt\u00e9<\/h3><ul><li>glycer\u00edn, oxid kremi\u010dit\u00fd, propyl\u00e9nglykol, farbivo:\u00a0 E104, E110<\/li><\/ul><h3>Farbivo zelen\u00e9<\/h3><ul><li>\u00a0glycer\u00edn, oxid kremi\u010dit\u00fd, propyl\u00e9nglykol, farbivo: E102, E133, E155<\/li><\/ul><h3>Farbivo \u010dierne<\/h3><ul><li>glycer\u00edn, oxid kremi\u010dit\u00fd, propyl\u00e9nglykol, farbivo: E124, E104, E133<\/li><\/ul><h3>Farbivo fialov\u00e9<\/h3><ul><li>glycer\u00edn, oxid kremi\u010dit\u00fd, propyl\u00e9nglykol, farbivo: E122, E133<\/li><\/ul><h3>Farbivo \u010derven\u00e9<\/h3><ul><li>glycer\u00edn, oxid kremi\u010dit\u00fd, propyl\u00e9nglykol, farbivo:\u00a0 E129, E124<\/li><\/ul><p>\u00a0<\/p>\t\t\t\t\t\t<\/div>\n\t\t\t\t<\/div>\n\t\t\t\t\t<\/div>\n\t\t<\/div>\n\t\t\t\t\t\t\t<\/div>\n\t\t<\/section>\n\t\t\t\t\t\t\t<\/div>\n\t\t","protected":false},"excerpt":{"rendered":"<p>Zlo\u017eenie pou\u017eit\u00fdch surov\u00edn Mascarpone Smotana (mlieko),\u00a0Mlieko, Regul\u00e1tor kyslosti (kyselina citr\u00f3nov\u00e1) Smotanov\u00e1 n\u00e1tierka Smotana, Su\u0161en\u00e9 mlieko, Su\u0161en\u00e1 srv\u00e1tka, Zemiakov\u00fd \u0161krob, Jedl\u00e1 so\u013e 0,5% hm. Maslov\u00e9 su\u0161ienky M\u00faka\u00a0p\u0161eni\u010dn\u00e1\u00a056%, Cukor,\u00a0Maslo\u00a010%, Tuk rastlinn\u00fd palmov\u00fd a maslovn\u00edkov\u00fd,\u00a0Ja\u010dmenn\u00fd\u00a0sladov\u00fd sirup,\u00a0Mlieko\u00a0su\u0161en\u00e9 odtu\u010dnen\u00e9, \u0160krob kukuri\u010dn\u00fd, Kypriaca l\u00e1tka (uhli\u010ditany am\u00f3nne a sodn\u00e9), Zmes\u00a0vaje\u010dn\u00e1\u00a0su\u0161en\u00e1, Ar\u00f3my, So\u013e, Emulg\u00e1tor (lecit\u00edny) Oreo su\u0161ienky s vanilkovou n\u00e1pl\u0148ou P\u0161eni\u010dn\u00e1\u00a0m\u00faka, Cukor, Palmov\u00fd [&hellip;]<\/p>\n","protected":false},"author":1,"featured_media":0,"parent":0,"menu_order":0,"comment_status":"closed","ping_status":"closed","template":"","meta":{"_monsterinsights_skip_tracking":false,"_monsterinsights_sitenote_active":false,"_monsterinsights_sitenote_note":"","_monsterinsights_sitenote_category":0},"yoast_head":"<!-- This site is optimized with the Yoast SEO plugin v18.6 - https:\/\/yoast.com\/wordpress\/plugins\/seo\/ -->\n<title>Zlo\u017eenie pou\u017eit\u00fdch surov\u00edn - Johanine kol\u00e1\u010de<\/title>\n<meta name=\"robots\" content=\"index, follow, max-snippet:-1, max-image-preview:large, max-video-preview:-1\" \/>\n<link rel=\"canonical\" href=\"https:\/\/www.johaninekolace.sk\/?page_id=1275\" \/>\n<meta property=\"og:locale\" content=\"sk_SK\" \/>\n<meta property=\"og:type\" content=\"article\" \/>\n<meta property=\"og:title\" content=\"Zlo\u017eenie pou\u017eit\u00fdch surov\u00edn - Johanine kol\u00e1\u010de\" \/>\n<meta property=\"og:description\" content=\"Zlo\u017eenie pou\u017eit\u00fdch surov\u00edn Mascarpone Smotana (mlieko),\u00a0Mlieko, Regul\u00e1tor kyslosti (kyselina citr\u00f3nov\u00e1) Smotanov\u00e1 n\u00e1tierka Smotana, Su\u0161en\u00e9 mlieko, Su\u0161en\u00e1 srv\u00e1tka, Zemiakov\u00fd \u0161krob, Jedl\u00e1 so\u013e 0,5% hm. Maslov\u00e9 su\u0161ienky M\u00faka\u00a0p\u0161eni\u010dn\u00e1\u00a056%, Cukor,\u00a0Maslo\u00a010%, Tuk rastlinn\u00fd palmov\u00fd a maslovn\u00edkov\u00fd,\u00a0Ja\u010dmenn\u00fd\u00a0sladov\u00fd sirup,\u00a0Mlieko\u00a0su\u0161en\u00e9 odtu\u010dnen\u00e9, \u0160krob kukuri\u010dn\u00fd, Kypriaca l\u00e1tka (uhli\u010ditany am\u00f3nne a sodn\u00e9), Zmes\u00a0vaje\u010dn\u00e1\u00a0su\u0161en\u00e1, Ar\u00f3my, So\u013e, Emulg\u00e1tor (lecit\u00edny) Oreo su\u0161ienky s vanilkovou n\u00e1pl\u0148ou P\u0161eni\u010dn\u00e1\u00a0m\u00faka, Cukor, Palmov\u00fd [&hellip;]\" \/>\n<meta property=\"og:url\" content=\"https:\/\/www.johaninekolace.sk\/?page_id=1275\" \/>\n<meta property=\"og:site_name\" content=\"Johanine kol\u00e1\u010de\" \/>\n<meta property=\"article:modified_time\" content=\"2022-04-26T19:31:34+00:00\" \/>\n<meta name=\"twitter:card\" content=\"summary_large_image\" \/>\n<meta name=\"twitter:label1\" content=\"Predpokladan\u00fd \u010das \u010d\u00edtania\" \/>\n\t<meta name=\"twitter:data1\" content=\"3 min\u00faty\" \/>\n<script type=\"application\/ld+json\" class=\"yoast-schema-graph\">{\"@context\":\"https:\/\/schema.org\",\"@graph\":[{\"@type\":\"WebSite\",\"@id\":\"https:\/\/www.johaninekolace.sk\/#website\",\"url\":\"https:\/\/www.johaninekolace.sk\/\",\"name\":\"Johanine kol\u00e1\u010de\",\"description\":\"Len \u010fal\u0161ia WordPress str\u00e1nka\",\"potentialAction\":[{\"@type\":\"SearchAction\",\"target\":{\"@type\":\"EntryPoint\",\"urlTemplate\":\"https:\/\/www.johaninekolace.sk\/?s={search_term_string}\"},\"query-input\":\"required name=search_term_string\"}],\"inLanguage\":\"sk-SK\"},{\"@type\":\"WebPage\",\"@id\":\"https:\/\/www.johaninekolace.sk\/?page_id=1275#webpage\",\"url\":\"https:\/\/www.johaninekolace.sk\/?page_id=1275\",\"name\":\"Zlo\u017eenie pou\u017eit\u00fdch surov\u00edn - Johanine kol\u00e1\u010de\",\"isPartOf\":{\"@id\":\"https:\/\/www.johaninekolace.sk\/#website\"},\"datePublished\":\"2022-04-26T19:20:14+00:00\",\"dateModified\":\"2022-04-26T19:31:34+00:00\",\"breadcrumb\":{\"@id\":\"https:\/\/www.johaninekolace.sk\/?page_id=1275#breadcrumb\"},\"inLanguage\":\"sk-SK\",\"potentialAction\":[{\"@type\":\"ReadAction\",\"target\":[\"https:\/\/www.johaninekolace.sk\/?page_id=1275\"]}]},{\"@type\":\"BreadcrumbList\",\"@id\":\"https:\/\/www.johaninekolace.sk\/?page_id=1275#breadcrumb\",\"itemListElement\":[{\"@type\":\"ListItem\",\"position\":1,\"name\":\"Home\",\"item\":\"https:\/\/www.johaninekolace.sk\/\"},{\"@type\":\"ListItem\",\"position\":2,\"name\":\"Zlo\u017eenie pou\u017eit\u00fdch surov\u00edn\"}]}]}<\/script>\n<!-- \/ Yoast SEO plugin. -->","yoast_head_json":{"title":"Zlo\u017eenie pou\u017eit\u00fdch surov\u00edn - Johanine kol\u00e1\u010de","robots":{"index":"index","follow":"follow","max-snippet":"max-snippet:-1","max-image-preview":"max-image-preview:large","max-video-preview":"max-video-preview:-1"},"canonical":"https:\/\/www.johaninekolace.sk\/?page_id=1275","og_locale":"sk_SK","og_type":"article","og_title":"Zlo\u017eenie pou\u017eit\u00fdch surov\u00edn - Johanine kol\u00e1\u010de","og_description":"Zlo\u017eenie pou\u017eit\u00fdch surov\u00edn Mascarpone Smotana (mlieko),\u00a0Mlieko, Regul\u00e1tor kyslosti (kyselina citr\u00f3nov\u00e1) Smotanov\u00e1 n\u00e1tierka Smotana, Su\u0161en\u00e9 mlieko, Su\u0161en\u00e1 srv\u00e1tka, Zemiakov\u00fd \u0161krob, Jedl\u00e1 so\u013e 0,5% hm. Maslov\u00e9 su\u0161ienky M\u00faka\u00a0p\u0161eni\u010dn\u00e1\u00a056%, Cukor,\u00a0Maslo\u00a010%, Tuk rastlinn\u00fd palmov\u00fd a maslovn\u00edkov\u00fd,\u00a0Ja\u010dmenn\u00fd\u00a0sladov\u00fd sirup,\u00a0Mlieko\u00a0su\u0161en\u00e9 odtu\u010dnen\u00e9, \u0160krob kukuri\u010dn\u00fd, Kypriaca l\u00e1tka (uhli\u010ditany am\u00f3nne a sodn\u00e9), Zmes\u00a0vaje\u010dn\u00e1\u00a0su\u0161en\u00e1, Ar\u00f3my, So\u013e, Emulg\u00e1tor (lecit\u00edny) Oreo su\u0161ienky s vanilkovou n\u00e1pl\u0148ou P\u0161eni\u010dn\u00e1\u00a0m\u00faka, Cukor, Palmov\u00fd [&hellip;]","og_url":"https:\/\/www.johaninekolace.sk\/?page_id=1275","og_site_name":"Johanine kol\u00e1\u010de","article_modified_time":"2022-04-26T19:31:34+00:00","twitter_card":"summary_large_image","twitter_misc":{"Predpokladan\u00fd \u010das \u010d\u00edtania":"3 min\u00faty"},"schema":{"@context":"https:\/\/schema.org","@graph":[{"@type":"WebSite","@id":"https:\/\/www.johaninekolace.sk\/#website","url":"https:\/\/www.johaninekolace.sk\/","name":"Johanine kol\u00e1\u010de","description":"Len \u010fal\u0161ia WordPress str\u00e1nka","potentialAction":[{"@type":"SearchAction","target":{"@type":"EntryPoint","urlTemplate":"https:\/\/www.johaninekolace.sk\/?s={search_term_string}"},"query-input":"required name=search_term_string"}],"inLanguage":"sk-SK"},{"@type":"WebPage","@id":"https:\/\/www.johaninekolace.sk\/?page_id=1275#webpage","url":"https:\/\/www.johaninekolace.sk\/?page_id=1275","name":"Zlo\u017eenie pou\u017eit\u00fdch surov\u00edn - Johanine kol\u00e1\u010de","isPartOf":{"@id":"https:\/\/www.johaninekolace.sk\/#website"},"datePublished":"2022-04-26T19:20:14+00:00","dateModified":"2022-04-26T19:31:34+00:00","breadcrumb":{"@id":"https:\/\/www.johaninekolace.sk\/?page_id=1275#breadcrumb"},"inLanguage":"sk-SK","potentialAction":[{"@type":"ReadAction","target":["https:\/\/www.johaninekolace.sk\/?page_id=1275"]}]},{"@type":"BreadcrumbList","@id":"https:\/\/www.johaninekolace.sk\/?page_id=1275#breadcrumb","itemListElement":[{"@type":"ListItem","position":1,"name":"Home","item":"https:\/\/www.johaninekolace.sk\/"},{"@type":"ListItem","position":2,"name":"Zlo\u017eenie pou\u017eit\u00fdch surov\u00edn"}]}]}},"_links":{"self":[{"href":"https:\/\/www.johaninekolace.sk\/index.php?rest_route=\/wp\/v2\/pages\/1275"}],"collection":[{"href":"https:\/\/www.johaninekolace.sk\/index.php?rest_route=\/wp\/v2\/pages"}],"about":[{"href":"https:\/\/www.johaninekolace.sk\/index.php?rest_route=\/wp\/v2\/types\/page"}],"author":[{"embeddable":true,"href":"https:\/\/www.johaninekolace.sk\/index.php?rest_route=\/wp\/v2\/users\/1"}],"replies":[{"embeddable":true,"href":"https:\/\/www.johaninekolace.sk\/index.php?rest_route=%2Fwp%2Fv2%2Fcomments&post=1275"}],"version-history":[{"count":6,"href":"https:\/\/www.johaninekolace.sk\/index.php?rest_route=\/wp\/v2\/pages\/1275\/revisions"}],"predecessor-version":[{"id":1286,"href":"https:\/\/www.johaninekolace.sk\/index.php?rest_route=\/wp\/v2\/pages\/1275\/revisions\/1286"}],"wp:attachment":[{"href":"https:\/\/www.johaninekolace.sk\/index.php?rest_route=%2Fwp%2Fv2%2Fmedia&parent=1275"}],"curies":[{"name":"wp","href":"https:\/\/api.w.org\/{rel}","templated":true}]}}