{"id":1295,"date":"2022-04-26T21:41:59","date_gmt":"2022-04-26T19:41:59","guid":{"rendered":"https:\/\/www.johaninekolace.sk\/?page_id=1295"},"modified":"2022-04-26T22:02:27","modified_gmt":"2022-04-26T20:02:27","slug":"obchodne-podmienky","status":"publish","type":"page","link":"https:\/\/www.johaninekolace.sk\/?page_id=1295","title":{"rendered":"Obchodn\u00e9 podmienky"},"content":{"rendered":"\t\t<div data-elementor-type=\"wp-page\" data-elementor-id=\"1295\" class=\"elementor elementor-1295\">\n\t\t\t\t\t\t\t\t\t<section class=\"elementor-section elementor-top-section elementor-element elementor-element-65618cd elementor-section-boxed elementor-section-height-default elementor-section-height-default\" data-id=\"65618cd\" data-element_type=\"section\">\n\t\t\t\t\t\t<div class=\"elementor-container elementor-column-gap-default\">\n\t\t\t\t\t<div class=\"elementor-column elementor-col-100 elementor-top-column elementor-element elementor-element-def63ae\" data-id=\"def63ae\" data-element_type=\"column\">\n\t\t\t<div class=\"elementor-widget-wrap elementor-element-populated\">\n\t\t\t\t\t\t\t\t<div class=\"elementor-element elementor-element-cc4c62e elementor-widget elementor-widget-heading\" data-id=\"cc4c62e\" data-element_type=\"widget\" data-widget_type=\"heading.default\">\n\t\t\t\t<div class=\"elementor-widget-container\">\n\t\t\t<style>\/*! elementor - v3.6.5 - 27-04-2022 *\/\n.elementor-heading-title{padding:0;margin:0;line-height:1}.elementor-widget-heading .elementor-heading-title[class*=elementor-size-]>a{color:inherit;font-size:inherit;line-height:inherit}.elementor-widget-heading .elementor-heading-title.elementor-size-small{font-size:15px}.elementor-widget-heading .elementor-heading-title.elementor-size-medium{font-size:19px}.elementor-widget-heading .elementor-heading-title.elementor-size-large{font-size:29px}.elementor-widget-heading .elementor-heading-title.elementor-size-xl{font-size:39px}.elementor-widget-heading .elementor-heading-title.elementor-size-xxl{font-size:59px}<\/style><h2 class=\"elementor-heading-title elementor-size-default\">Obchodn\u00e9 podmienky<\/h2>\t\t<\/div>\n\t\t\t\t<\/div>\n\t\t\t\t\t<\/div>\n\t\t<\/div>\n\t\t\t\t\t\t\t<\/div>\n\t\t<\/section>\n\t\t\t\t<section class=\"elementor-section elementor-top-section elementor-element elementor-element-4f6bfda elementor-section-boxed elementor-section-height-default elementor-section-height-default\" data-id=\"4f6bfda\" data-element_type=\"section\">\n\t\t\t\t\t\t<div class=\"elementor-container elementor-column-gap-default\">\n\t\t\t\t\t<div class=\"elementor-column elementor-col-100 elementor-top-column elementor-element elementor-element-53a56af\" data-id=\"53a56af\" data-element_type=\"column\">\n\t\t\t<div class=\"elementor-widget-wrap elementor-element-populated\">\n\t\t\t\t\t\t\t\t<div class=\"elementor-element elementor-element-8302993 elementor-widget elementor-widget-text-editor\" data-id=\"8302993\" data-element_type=\"widget\" data-widget_type=\"text-editor.default\">\n\t\t\t\t<div class=\"elementor-widget-container\">\n\t\t\t<style>\/*! elementor - v3.6.5 - 27-04-2022 *\/\n.elementor-widget-text-editor.elementor-drop-cap-view-stacked .elementor-drop-cap{background-color:#818a91;color:#fff}.elementor-widget-text-editor.elementor-drop-cap-view-framed .elementor-drop-cap{color:#818a91;border:3px solid;background-color:transparent}.elementor-widget-text-editor:not(.elementor-drop-cap-view-default) .elementor-drop-cap{margin-top:8px}.elementor-widget-text-editor:not(.elementor-drop-cap-view-default) .elementor-drop-cap-letter{width:1em;height:1em}.elementor-widget-text-editor .elementor-drop-cap{float:left;text-align:center;line-height:1;font-size:50px}.elementor-widget-text-editor .elementor-drop-cap-letter{display:inline-block}<\/style>\t\t\t\t<h5>1. \u00daVODN\u00c9 USTANOVENIA<\/h5><p>Tieto obchodn\u00e9 podmienky platia pre n\u00e1kup v\u00fdrobkov cukr\u00e1renskej v\u00fdrobne Johanine kol\u00e1\u010de, s.r.o., Gabajov\u00e1 24, 010 01 \u017dilina (pred\u00e1vaj\u00faci), osobnou formou a prostredn\u00edctvom internetu. Podmienky bli\u017e\u0161ie \u0161pecifikuj\u00fa a upres\u0148uj\u00fa pr\u00e1va a povinnosti pred\u00e1vaj\u00faceho a kupuj\u00faceho.<\/p><p><em>N\u00e1zov firmy a faktura\u010dn\u00e9 \u00fadaje:<\/em><br \/><strong>Johanine kol\u00e1\u010de, s.r.o.<\/strong><br \/>Gabajov\u00e1 24<br \/>\u017dilina 01001<br \/>I\u010cO: 51 006 332<br \/>I\u010c DPH: 2120565854<br \/>IBAN: SK5875000000004024961816<\/p><p><em>Prev\u00e1dzka:<\/em><\/p><p>Pavla Mudro\u0148a 1191\/5<br \/>01001 \u017dilina<\/p><p>Kupuj\u00facim sa rozumie fyzick\u00e1 alebo pr\u00e1vnick\u00e1 osoba, ktor\u00e1 si elektronicky objedn\u00e1 tovar, prostredn\u00edctvom elektronick\u00e9ho obchodu na str\u00e1nke www.johaninekolace.sk , telefonicky, alebo osobne v prev\u00e1dzkach predaja.<\/p><h5>2. PR\u00c1VA A POVINNOSTI PRED\u00c1VAJ\u00daCEHO<\/h5><p>Pred\u00e1vaj\u00faci m\u00e1 povinnos\u0165 potvrdi\u0165 objedn\u00e1vku do 24h od prijatia v pracovn\u00fdch d\u0148och. T\u00e1to doba m\u00f4\u017ee by\u0165 prekro\u010den\u00e1 v pr\u00edpade sez\u00f3nnej v\u00fdluky. Objedn\u00e1vka sa pova\u017euje za potvrden\u00fa, a\u017e v pr\u00edpade kontaktovania na\u0161\u00edm pracovn\u00edkom a potvrdenia spr\u00e1vnosti \u00fadajov e-mailom, spr\u00e1vou alebo telefonicky.\u00a0<\/p><p>V\u0161etky osobn\u00e9 \u00fadaje poskytnut\u00e9 pri objedn\u00e1vke, s\u00fa d\u00f4vern\u00e9 a na\u0161a firma sa pod\u013ea platn\u00fdch z\u00e1konov o ochrane osobn\u00fdch \u00fadajov zav\u00e4zuje neposkytova\u0165 tieto inform\u00e1cie tretej strane.<\/p><p>Pred\u00e1vaj\u00faci m\u00e1 pr\u00e1vo v nasleduj\u00facich pr\u00edpadoch odmietnu\u0165 objedn\u00e1vku:<br \/>a) v pr\u00edpade neskor\u00e9ho objednania,<br \/>b) z d\u00f4vodu naplnenia v\u00fdrobnej kapacity,<br \/>c) z d\u00f4vodu nejasn\u00fdch kontaktn\u00fdch \u00fadajov,<br \/>d) z d\u00f4vodu ne\u00faspe\u0161n\u00e9ho kontaktovania kupuj\u00faceho.<\/p><p>Kupuj\u00faci dostane z\u00e1v\u00e4zn\u00e9 potvrdenie svojej objedn\u00e1vky mailom, spr\u00e1vou alebo telefonicky pod\u013ea serveru, ktor\u00fdm poslal objedn\u00e1vku.<\/p><h5>3. PR\u00c1VA A POVINNOSTI KUPUJ\u00daCEHO<\/h5><p>Kupuj\u00faci je povinn\u00fd uvies\u0165 svoje meno, telefonick\u00fd kontakt. Kupuj\u00faci je povinn\u00fd prevzia\u0165 objednan\u00fd tovar v dohodnutom term\u00edne a zaplati\u0165 celkov\u00fa cenu. S cenou je z\u00e1kazn\u00edk obozn\u00e1men\u00fd pri vyp\u013a\u0148an\u00ed objedn\u00e1vky, pri telefonickom rozhovore, spr\u00e1vou alebo pri osobnom kontakte. Objedn\u00e1vka sa st\u00e1va z\u00e1v\u00e4znou, odoslan\u00edm vyplnen\u00e9ho formul\u00e1ru na str\u00e1nkach elektronick\u00e9ho obchodu www.johaninekolace.sk, prijat\u00edm objedn\u00e1vky prostredn\u00edctvom telef\u00f3nu, alebo pri osobnej n\u00e1v\u0161teve prev\u00e1dzky.<\/p><h5>4. PODMIENKY OBJEDNANIA<\/h5><p>Objedn\u00e1vky vybavujeme:<\/p><ul><li>Telef\u00f3n: 0911 549 004<\/li><li>e-mail: kacenajohannikova@gmail.com<\/li><li>e-shop: www.johaninekolace.sk<\/li><li>osobne na prev\u00e1dzke: Pavla Mudro\u0148a 1191\/5, 01001 \u017dilina<\/li><\/ul><p>Pre osobn\u00e9 stretnutie je potrebn\u00e9 dohodn\u00fa\u0165 term\u00edn vopred.\u00a0<\/p><p>Objedn\u00e1vky prij\u00edmame minim\u00e1lne 5 dn\u00ed vopred. Pri fond\u00e1nov\u00fdch tort\u00e1ch s postavi\u010dkami prij\u00edmame objedn\u00e1vky minim\u00e1lne 10 dn\u00ed vopred.<\/p><h5>5. TERM\u00cdN OBJEDN\u00c1VANIA<\/h5><p>Objedn\u00e1vky prij\u00edmame minim\u00e1lne 5 dn\u00ed vopred. Pri fond\u00e1nov\u00fdch tort\u00e1ch s postavi\u010dkami prij\u00edmame objedn\u00e1vky minim\u00e1lne 10 dn\u00ed vopred. V\u0161etko z\u00e1le\u017e\u00ed na konkr\u00e9tnej dohode a kapacitn\u00fdch mo\u017enostiach prev\u00e1dzky.<\/p><h5>6. PREVZATIE OBJEDN\u00c1VKY<\/h5><p>Objednan\u00fd tovar si z\u00e1kazn\u00edk preber\u00e1 osobne v pobo\u010dk\u00e1ch cukr\u00e1renskej v\u00fdroby Johanine kol\u00e1\u010de, s.r.o., Pavla Mudro\u0148a 1191\/5 \u017dilina. Vlastn\u00edcke pr\u00e1vo k tovaru prech\u00e1dza na kupuj\u00faceho jeho prevzat\u00edm a po zaplaten\u00ed celkovej k\u00fapnej ceny. Po prevzat\u00ed objedn\u00e1vky nezodpoved\u00e1me za po\u0161kodenie v\u00fdrobkov napr. zlou manipul\u00e1ciou pri prevoze, skladovan\u00edm a pod.<\/p><h5>7. SKLADOVANIE<\/h5><p>Ak sa nedohodne inak, kol\u00e1\u010diky treba skladova\u0165 pri teplote +2 &#8211; +5 \u00b0C.<\/p><h5>8. NEKONZUMOVATE\u013dN\u00c9 \u010cASTI<\/h5><p>Torty m\u00f4\u017eu obsahova\u0165 nejedl\u00e9 \u010dasti dekor\u00e1ci\u00ed, napr. \u0161pajle, floristick\u00e9 dr\u00f4ty a pod. V r\u00e1mci bezpe\u010dnosti na tieto dekor\u00e1cie v\u017edy z\u00e1kazn\u00edka upozor\u0148ujeme.<\/p><h5>9. PLATOBN\u00c9 PODMIENKY<\/h5><p>Platbu za tovar m\u00f4\u017ee kupuj\u00faci uhradi\u0165 pred\u00e1vaj\u00facemu nasledovn\u00fdmi sp\u00f4sobmi:<\/p><ul><li>v hotovosti;<\/li><li>prevodom na \u00fa\u010det pred\u00e1vaj\u00faceho, IBAN: SK5875000000004024961816<br \/>Variabiln\u00fd symbol: \u010d\u00edslo objedn\u00e1vky.<\/li><\/ul><h5>10. Z\u00c1LOHA<\/h5><p>Pri v\u00e4\u010d\u0161\u00edch odberoch sa po\u017eaduje platba z\u00e1lohy vo v\u00fd\u0161ke 50% z predbe\u017enej sumy pri dohodnut\u00ed objedn\u00e1vky &#8211; bu\u010f hotovos\u0165ou alebo prevodom na \u00fa\u010det.<\/p><h5>11. STORNOVACIE PODMIENKY<\/h5><p>Stornovanie objedn\u00e1vky je mo\u017en\u00e9 vykona\u0165 bezplatne maxim\u00e1lne 10 dn\u00ed pred term\u00ednom prevzatia. V krat\u0161om term\u00edne z\u00e1loha prepad\u00e1 v prospech pred\u00e1vaj\u00faceho.<\/p><h5>12. S\u00daHLAS S OBCHODN\u00ddMI PODMIENKAMI<\/h5><p>Potvrden\u00edm objedn\u00e1vky kupuj\u00faci s\u00fahlas\u00ed s t\u00fdmito obchodn\u00fdmi podmienkami.<\/p><h5>13. ZOZNAM ALERG\u00c9NOV<\/h5><ol><li>Obilniny obsahuj\u00face lepok ( t. j. p\u0161enica, ra\u017e, ja\u010dme\u0148, ovos, \u0161palda, kamut a v\u00fdrobky z nich)<\/li><li>K\u00f4rovce a v\u00fdrobky z nich<\/li><li>Vajcia a v\u00fdrobky z nich<\/li><li>Ryby a v\u00fdrobky z nich<\/li><li>Ara\u0161idy a v\u00fdrobky z nich<\/li><li>S\u00f3jov\u00e9 zrn\u00e1 a v\u00fdrobky z nich<\/li><li>Mlieko a v\u00fdrobky z neho<\/li><li>Orechy, ktor\u00fdmi s\u00fa mandle, lieskov\u00e9 orechy, vla\u0161sk\u00e9 orechy, ke\u0161u, pekanov\u00e9 orechy, para orechy, pist\u00e1cie, makadamov\u00e9 orechy a queenslandsk\u00e9 orechy a v\u00fdrobky z nich<\/li><li>Zeler a v\u00fdrobky z neho<\/li><li>Hor\u010dica a v\u00fdrobky z nej<\/li><li>Sezamov\u00e9 semen\u00e1 a v\u00fdrobky z nich<\/li><li>Oxid siri\u010dit\u00fd a siri\u010ditany v koncentr\u00e1ciach vy\u0161\u0161\u00edch ako 10 mg\/ kg alebo 10mg\/l vyjadren\u00e9 ako SO<\/li><li>Vl\u010d\u00ed b\u00f4b a v\u00fdrobky z neho<\/li><li>M\u00e4kk\u00fd\u0161e a v\u00fdrobky z nich<\/li><\/ol>\t\t\t\t\t\t<\/div>\n\t\t\t\t<\/div>\n\t\t\t\t\t<\/div>\n\t\t<\/div>\n\t\t\t\t\t\t\t<\/div>\n\t\t<\/section>\n\t\t\t\t\t\t\t<\/div>\n\t\t","protected":false},"excerpt":{"rendered":"<p>Obchodn\u00e9 podmienky 1. \u00daVODN\u00c9 USTANOVENIA Tieto obchodn\u00e9 podmienky platia pre n\u00e1kup v\u00fdrobkov cukr\u00e1renskej v\u00fdrobne Johanine kol\u00e1\u010de, s.r.o., Gabajov\u00e1 24, 010 01 \u017dilina (pred\u00e1vaj\u00faci), osobnou formou a prostredn\u00edctvom internetu. Podmienky bli\u017e\u0161ie \u0161pecifikuj\u00fa a upres\u0148uj\u00fa pr\u00e1va a povinnosti pred\u00e1vaj\u00faceho a kupuj\u00faceho. N\u00e1zov firmy a faktura\u010dn\u00e9 \u00fadaje:Johanine kol\u00e1\u010de, s.r.o.Gabajov\u00e1 24\u017dilina 01001I\u010cO: 51 006 332I\u010c DPH: 2120565854IBAN: SK5875000000004024961816 Prev\u00e1dzka: [&hellip;]<\/p>\n","protected":false},"author":1,"featured_media":0,"parent":0,"menu_order":0,"comment_status":"closed","ping_status":"closed","template":"","meta":{"_monsterinsights_skip_tracking":false,"_monsterinsights_sitenote_active":false,"_monsterinsights_sitenote_note":"","_monsterinsights_sitenote_category":0},"yoast_head":"<!-- This site is optimized with the Yoast SEO plugin v18.6 - https:\/\/yoast.com\/wordpress\/plugins\/seo\/ -->\n<title>Obchodn\u00e9 podmienky - Johanine kol\u00e1\u010de<\/title>\n<meta name=\"robots\" content=\"index, follow, max-snippet:-1, max-image-preview:large, max-video-preview:-1\" \/>\n<link rel=\"canonical\" href=\"https:\/\/www.johaninekolace.sk\/?page_id=1295\" \/>\n<meta property=\"og:locale\" content=\"sk_SK\" \/>\n<meta property=\"og:type\" content=\"article\" \/>\n<meta property=\"og:title\" content=\"Obchodn\u00e9 podmienky - Johanine kol\u00e1\u010de\" \/>\n<meta property=\"og:description\" content=\"Obchodn\u00e9 podmienky 1. \u00daVODN\u00c9 USTANOVENIA Tieto obchodn\u00e9 podmienky platia pre n\u00e1kup v\u00fdrobkov cukr\u00e1renskej v\u00fdrobne Johanine kol\u00e1\u010de, s.r.o., Gabajov\u00e1 24, 010 01 \u017dilina (pred\u00e1vaj\u00faci), osobnou formou a prostredn\u00edctvom internetu. Podmienky bli\u017e\u0161ie \u0161pecifikuj\u00fa a upres\u0148uj\u00fa pr\u00e1va a povinnosti pred\u00e1vaj\u00faceho a kupuj\u00faceho. N\u00e1zov firmy a faktura\u010dn\u00e9 \u00fadaje:Johanine kol\u00e1\u010de, s.r.o.Gabajov\u00e1 24\u017dilina 01001I\u010cO: 51 006 332I\u010c DPH: 2120565854IBAN: SK5875000000004024961816 Prev\u00e1dzka: [&hellip;]\" \/>\n<meta property=\"og:url\" content=\"https:\/\/www.johaninekolace.sk\/?page_id=1295\" \/>\n<meta property=\"og:site_name\" content=\"Johanine kol\u00e1\u010de\" \/>\n<meta property=\"article:modified_time\" content=\"2022-04-26T20:02:27+00:00\" \/>\n<meta name=\"twitter:card\" content=\"summary_large_image\" \/>\n<meta name=\"twitter:label1\" content=\"Predpokladan\u00fd \u010das \u010d\u00edtania\" \/>\n\t<meta name=\"twitter:data1\" content=\"4 min\u00faty\" \/>\n<script type=\"application\/ld+json\" class=\"yoast-schema-graph\">{\"@context\":\"https:\/\/schema.org\",\"@graph\":[{\"@type\":\"WebSite\",\"@id\":\"https:\/\/www.johaninekolace.sk\/#website\",\"url\":\"https:\/\/www.johaninekolace.sk\/\",\"name\":\"Johanine kol\u00e1\u010de\",\"description\":\"Len \u010fal\u0161ia WordPress str\u00e1nka\",\"potentialAction\":[{\"@type\":\"SearchAction\",\"target\":{\"@type\":\"EntryPoint\",\"urlTemplate\":\"https:\/\/www.johaninekolace.sk\/?s={search_term_string}\"},\"query-input\":\"required name=search_term_string\"}],\"inLanguage\":\"sk-SK\"},{\"@type\":\"WebPage\",\"@id\":\"https:\/\/www.johaninekolace.sk\/?page_id=1295#webpage\",\"url\":\"https:\/\/www.johaninekolace.sk\/?page_id=1295\",\"name\":\"Obchodn\u00e9 podmienky - Johanine kol\u00e1\u010de\",\"isPartOf\":{\"@id\":\"https:\/\/www.johaninekolace.sk\/#website\"},\"datePublished\":\"2022-04-26T19:41:59+00:00\",\"dateModified\":\"2022-04-26T20:02:27+00:00\",\"breadcrumb\":{\"@id\":\"https:\/\/www.johaninekolace.sk\/?page_id=1295#breadcrumb\"},\"inLanguage\":\"sk-SK\",\"potentialAction\":[{\"@type\":\"ReadAction\",\"target\":[\"https:\/\/www.johaninekolace.sk\/?page_id=1295\"]}]},{\"@type\":\"BreadcrumbList\",\"@id\":\"https:\/\/www.johaninekolace.sk\/?page_id=1295#breadcrumb\",\"itemListElement\":[{\"@type\":\"ListItem\",\"position\":1,\"name\":\"Home\",\"item\":\"https:\/\/www.johaninekolace.sk\/\"},{\"@type\":\"ListItem\",\"position\":2,\"name\":\"Obchodn\u00e9 podmienky\"}]}]}<\/script>\n<!-- \/ Yoast SEO plugin. -->","yoast_head_json":{"title":"Obchodn\u00e9 podmienky - Johanine kol\u00e1\u010de","robots":{"index":"index","follow":"follow","max-snippet":"max-snippet:-1","max-image-preview":"max-image-preview:large","max-video-preview":"max-video-preview:-1"},"canonical":"https:\/\/www.johaninekolace.sk\/?page_id=1295","og_locale":"sk_SK","og_type":"article","og_title":"Obchodn\u00e9 podmienky - Johanine kol\u00e1\u010de","og_description":"Obchodn\u00e9 podmienky 1. \u00daVODN\u00c9 USTANOVENIA Tieto obchodn\u00e9 podmienky platia pre n\u00e1kup v\u00fdrobkov cukr\u00e1renskej v\u00fdrobne Johanine kol\u00e1\u010de, s.r.o., Gabajov\u00e1 24, 010 01 \u017dilina (pred\u00e1vaj\u00faci), osobnou formou a prostredn\u00edctvom internetu. Podmienky bli\u017e\u0161ie \u0161pecifikuj\u00fa a upres\u0148uj\u00fa pr\u00e1va a povinnosti pred\u00e1vaj\u00faceho a kupuj\u00faceho. N\u00e1zov firmy a faktura\u010dn\u00e9 \u00fadaje:Johanine kol\u00e1\u010de, s.r.o.Gabajov\u00e1 24\u017dilina 01001I\u010cO: 51 006 332I\u010c DPH: 2120565854IBAN: SK5875000000004024961816 Prev\u00e1dzka: [&hellip;]","og_url":"https:\/\/www.johaninekolace.sk\/?page_id=1295","og_site_name":"Johanine kol\u00e1\u010de","article_modified_time":"2022-04-26T20:02:27+00:00","twitter_card":"summary_large_image","twitter_misc":{"Predpokladan\u00fd \u010das \u010d\u00edtania":"4 min\u00faty"},"schema":{"@context":"https:\/\/schema.org","@graph":[{"@type":"WebSite","@id":"https:\/\/www.johaninekolace.sk\/#website","url":"https:\/\/www.johaninekolace.sk\/","name":"Johanine kol\u00e1\u010de","description":"Len \u010fal\u0161ia WordPress str\u00e1nka","potentialAction":[{"@type":"SearchAction","target":{"@type":"EntryPoint","urlTemplate":"https:\/\/www.johaninekolace.sk\/?s={search_term_string}"},"query-input":"required name=search_term_string"}],"inLanguage":"sk-SK"},{"@type":"WebPage","@id":"https:\/\/www.johaninekolace.sk\/?page_id=1295#webpage","url":"https:\/\/www.johaninekolace.sk\/?page_id=1295","name":"Obchodn\u00e9 podmienky - Johanine kol\u00e1\u010de","isPartOf":{"@id":"https:\/\/www.johaninekolace.sk\/#website"},"datePublished":"2022-04-26T19:41:59+00:00","dateModified":"2022-04-26T20:02:27+00:00","breadcrumb":{"@id":"https:\/\/www.johaninekolace.sk\/?page_id=1295#breadcrumb"},"inLanguage":"sk-SK","potentialAction":[{"@type":"ReadAction","target":["https:\/\/www.johaninekolace.sk\/?page_id=1295"]}]},{"@type":"BreadcrumbList","@id":"https:\/\/www.johaninekolace.sk\/?page_id=1295#breadcrumb","itemListElement":[{"@type":"ListItem","position":1,"name":"Home","item":"https:\/\/www.johaninekolace.sk\/"},{"@type":"ListItem","position":2,"name":"Obchodn\u00e9 podmienky"}]}]}},"_links":{"self":[{"href":"https:\/\/www.johaninekolace.sk\/index.php?rest_route=\/wp\/v2\/pages\/1295"}],"collection":[{"href":"https:\/\/www.johaninekolace.sk\/index.php?rest_route=\/wp\/v2\/pages"}],"about":[{"href":"https:\/\/www.johaninekolace.sk\/index.php?rest_route=\/wp\/v2\/types\/page"}],"author":[{"embeddable":true,"href":"https:\/\/www.johaninekolace.sk\/index.php?rest_route=\/wp\/v2\/users\/1"}],"replies":[{"embeddable":true,"href":"https:\/\/www.johaninekolace.sk\/index.php?rest_route=%2Fwp%2Fv2%2Fcomments&post=1295"}],"version-history":[{"count":6,"href":"https:\/\/www.johaninekolace.sk\/index.php?rest_route=\/wp\/v2\/pages\/1295\/revisions"}],"predecessor-version":[{"id":1310,"href":"https:\/\/www.johaninekolace.sk\/index.php?rest_route=\/wp\/v2\/pages\/1295\/revisions\/1310"}],"wp:attachment":[{"href":"https:\/\/www.johaninekolace.sk\/index.php?rest_route=%2Fwp%2Fv2%2Fmedia&parent=1295"}],"curies":[{"name":"wp","href":"https:\/\/api.w.org\/{rel}","templated":true}]}}